{"id":86,"date":"2023-04-28T15:28:58","date_gmt":"2023-04-28T15:28:58","guid":{"rendered":"https:\/\/caurus-technologies.com\/?page_id=86"},"modified":"2024-12-11T06:50:36","modified_gmt":"2024-12-11T06:50:36","slug":"impressum","status":"publish","type":"page","link":"https:\/\/caurus-technologies.com\/en\/impressum\/","title":{"rendered":"Imprint"},"content":{"rendered":"<p>CAURUS Technologies GmbH<br>Schneckenburgerstr. 22<br>81675 Munich<br>Germany<br><br>E-Mail: info@caurus-technologies.com<br><br>Register Court: Munich Local Court<br>Register Number: HRB 280367<br><br>Managing Directors: Philippe Telle, Henrik Telle<br><br>Sales Tax Identification Number: DE359230803<br><br>EU Commission platform for online dispute resolution: <a href=\"https:\/\/ec.europa.eu\/odr\" target=\"_blank\" rel=\"noreferrer noopener\">https:\/\/ec.europa.eu\/odr<\/a><br><br>We are neither obliged nor willing to participate in a dispute resolution procedure before a consumer arbitration board.<\/p>\n\n\n\n<p>Responsible in terms of press law<br>Annette Wiedenbach<\/p>\n\n\n\n<h2 class=\"wp-block-heading\">Image credits<\/h2>\n\n\n\n<ul class=\"wp-block-list\">\n<li>Portraits: \u00a9 EYE AM CHRIS, <a href=\"https:\/\/eyeamchris.com\/de\">https:\/\/eyeamchris.com\/de<\/a><\/li>\n\n\n\n<li>Drone view of burning pasture in Brazil on dry season, <a href=\"https:\/\/www.istockphoto.com\/portfolio\/josemoraes?mediatype=photography\">josemoraes<\/a>, iStock<\/li>\n\n\n\n<li>Fire fighting helicopter carry water bucket to extinguish the forest fire, <a href=\"https:\/\/stock.adobe.com\/de\/contributor\/202578655\/toa555?load_type=author&amp;prev_url=detail\">toa555<\/a>, Adobe Stock<\/li>\n\n\n\n<li>Helicopter dumping water on forest fire &#8211; <a href=\"https:\/\/stock.adobe.com\/de\/contributor\/202578655\/toa555?load_type=author&amp;prev_url=detail\">toa555,<\/a> Adobe Stock<\/li>\n\n\n\n<li>Forest and tree landscape texture abstract background, <a href=\"https:\/\/stock.adobe.com\/de\/contributor\/206864851\/kalyakan?load_type=author&amp;prev_url=detail\">Kalyakan<\/a>, Adobe Stock<\/li>\n\n\n\n<li>A strip of Dry Grass sets Fire to Trees in dry Forest: Forest fire &#8211; Aerial drone top view, <a href=\"https:\/\/stock.adobe.com\/de\/contributor\/207682862\/andrii-chagovets?load_type=author&amp;prev_url=detail\">Andrii Chagovets<\/a>, Adobe Stock<\/li>\n<\/ul>\n\n\n\n<h3 class=\"wp-block-heading\">Web-Design<\/h3>\n\n\n\n<p>JUNIK Media<br>Bochum | Hamburg<br><a href=\"http:\/\/www.junikmedia.de\" target=\"_blank\" rel=\"noreferrer noopener\">www.junikmedia.de<\/a><\/p>","protected":false},"excerpt":{"rendered":"<p>CAURUS Technologies GmbHSchneckenburgerstr. 2281675 M\u00fcnchenDeutschland E-Mail: info@caurus-technologies.com Registergericht: Amtsgericht M\u00fcnchenRegisternummer: HRB 280367 Gesch\u00e4ftsf\u00fchrer: Philippe Telle, Henrik Telle Umsatzsteuer-Identifikationsnummer: DE359230803 Plattform der EU-Kommission zur Online-Streitbeilegung: https:\/\/ec.europa.eu\/odr Wir sind zur Teilnahme an einem Streitbeilegungsverfahren vor einer Verbraucherschlichtungsstelle weder verpflichtet noch bereit. Verantwortlich im Sinne des PresserechtsAnnette Wiedenbach Bildnachweise Web-Design JUNIK MediaBochum | Hamburgwww.junikmedia.de<\/p>","protected":false},"author":1,"featured_media":0,"parent":0,"menu_order":0,"comment_status":"closed","ping_status":"closed","template":"","meta":{"neve_meta_sidebar":"","neve_meta_container":"","neve_meta_enable_content_width":"","neve_meta_content_width":0,"neve_meta_title_alignment":"","neve_meta_author_avatar":"","neve_post_elements_order":"","neve_meta_disable_header":"","neve_meta_disable_footer":"","neve_meta_disable_title":"","neve_meta_reading_time":"","footnotes":""},"class_list":["post-86","page","type-page","status-publish","hentry"],"yoast_head":"<title>Impressum - CAURUS Technologies<\/title>\n<meta name=\"robots\" content=\"index, follow, max-snippet:-1, max-image-preview:large, max-video-preview:-1\" \/>\n<link rel=\"canonical\" href=\"https:\/\/caurus-technologies.com\/en\/impressum\/\" \/>\n<meta property=\"og:locale\" content=\"en_US\" \/>\n<meta property=\"og:type\" content=\"article\" \/>\n<meta property=\"og:title\" content=\"Impressum - CAURUS Technologies\" \/>\n<meta property=\"og:description\" content=\"CAURUS Technologies GmbHSchneckenburgerstr. 2281675 M\u00fcnchenDeutschland E-Mail: info@caurus-technologies.com Registergericht: Amtsgericht M\u00fcnchenRegisternummer: HRB 280367 Gesch\u00e4ftsf\u00fchrer: Philippe Telle, Henrik Telle Umsatzsteuer-Identifikationsnummer: DE359230803 Plattform der EU-Kommission zur Online-Streitbeilegung: https:\/\/ec.europa.eu\/odr Wir sind zur Teilnahme an einem Streitbeilegungsverfahren vor einer Verbraucherschlichtungsstelle weder verpflichtet noch bereit. Verantwortlich im Sinne des PresserechtsAnnette Wiedenbach Bildnachweise Web-Design JUNIK MediaBochum | Hamburgwww.junikmedia.de\" \/>\n<meta property=\"og:url\" content=\"https:\/\/caurus-technologies.com\/en\/impressum\/\" \/>\n<meta property=\"og:site_name\" content=\"CAURUS Technologies\" \/>\n<meta property=\"article:modified_time\" content=\"2024-12-11T06:50:36+00:00\" \/>\n<meta property=\"og:image\" content=\"https:\/\/caurus-technologies.com\/wp-content\/uploads\/2023\/05\/caurus-header.jpg\" \/>\n\t<meta property=\"og:image:width\" content=\"960\" \/>\n\t<meta property=\"og:image:height\" content=\"540\" \/>\n\t<meta property=\"og:image:type\" content=\"image\/jpeg\" \/>\n<meta name=\"twitter:card\" content=\"summary_large_image\" \/>\n<meta name=\"twitter:label1\" content=\"Est. reading time\" \/>\n\t<meta name=\"twitter:data1\" content=\"1 minute\" \/>\n<script type=\"application\/ld+json\" class=\"yoast-schema-graph\">{\"@context\":\"https:\\\/\\\/schema.org\",\"@graph\":[{\"@type\":\"WebPage\",\"@id\":\"https:\\\/\\\/caurus-technologies.com\\\/impressum\\\/\",\"url\":\"https:\\\/\\\/caurus-technologies.com\\\/impressum\\\/\",\"name\":\"Impressum - CAURUS Technologies\",\"isPartOf\":{\"@id\":\"https:\\\/\\\/caurus-technologies.com\\\/#website\"},\"datePublished\":\"2023-04-28T15:28:58+00:00\",\"dateModified\":\"2024-12-11T06:50:36+00:00\",\"breadcrumb\":{\"@id\":\"https:\\\/\\\/caurus-technologies.com\\\/impressum\\\/#breadcrumb\"},\"inLanguage\":\"en-US\",\"potentialAction\":[{\"@type\":\"ReadAction\",\"target\":[\"https:\\\/\\\/caurus-technologies.com\\\/impressum\\\/\"]}]},{\"@type\":\"BreadcrumbList\",\"@id\":\"https:\\\/\\\/caurus-technologies.com\\\/impressum\\\/#breadcrumb\",\"itemListElement\":[{\"@type\":\"ListItem\",\"position\":1,\"name\":\"Startseite\",\"item\":\"https:\\\/\\\/caurus-technologies.com\\\/\"},{\"@type\":\"ListItem\",\"position\":2,\"name\":\"Impressum\"}]},{\"@type\":\"WebSite\",\"@id\":\"https:\\\/\\\/caurus-technologies.com\\\/#website\",\"url\":\"https:\\\/\\\/caurus-technologies.com\\\/\",\"name\":\"CAURUS Technologies\",\"description\":\"Boosting Water\u2019s Impact on Fire | F\u00fcr mehr Pr\u00e4zision, Effizienz und Sicherheit in der Waldbrandbek\u00e4mpfung aus der Luft\",\"publisher\":{\"@id\":\"https:\\\/\\\/caurus-technologies.com\\\/#organization\"},\"potentialAction\":[{\"@type\":\"SearchAction\",\"target\":{\"@type\":\"EntryPoint\",\"urlTemplate\":\"https:\\\/\\\/caurus-technologies.com\\\/?s={search_term_string}\"},\"query-input\":{\"@type\":\"PropertyValueSpecification\",\"valueRequired\":true,\"valueName\":\"search_term_string\"}}],\"inLanguage\":\"en-US\"},{\"@type\":\"Organization\",\"@id\":\"https:\\\/\\\/caurus-technologies.com\\\/#organization\",\"name\":\"CAURUS Technologies GmbH\",\"url\":\"https:\\\/\\\/caurus-technologies.com\\\/\",\"logo\":{\"@type\":\"ImageObject\",\"inLanguage\":\"en-US\",\"@id\":\"https:\\\/\\\/caurus-technologies.com\\\/#\\\/schema\\\/logo\\\/image\\\/\",\"url\":\"https:\\\/\\\/caurus-technologies.com\\\/wp-content\\\/uploads\\\/2023\\\/04\\\/favicon.png\",\"contentUrl\":\"https:\\\/\\\/caurus-technologies.com\\\/wp-content\\\/uploads\\\/2023\\\/04\\\/favicon.png\",\"width\":512,\"height\":512,\"caption\":\"CAURUS Technologies GmbH\"},\"image\":{\"@id\":\"https:\\\/\\\/caurus-technologies.com\\\/#\\\/schema\\\/logo\\\/image\\\/\"}}]}<\/script>","yoast_head_json":{"title":"Impressum - CAURUS Technologies","robots":{"index":"index","follow":"follow","max-snippet":"max-snippet:-1","max-image-preview":"max-image-preview:large","max-video-preview":"max-video-preview:-1"},"canonical":"https:\/\/caurus-technologies.com\/en\/impressum\/","og_locale":"en_US","og_type":"article","og_title":"Impressum - CAURUS Technologies","og_description":"CAURUS Technologies GmbHSchneckenburgerstr. 2281675 M\u00fcnchenDeutschland E-Mail: info@caurus-technologies.com Registergericht: Amtsgericht M\u00fcnchenRegisternummer: HRB 280367 Gesch\u00e4ftsf\u00fchrer: Philippe Telle, Henrik Telle Umsatzsteuer-Identifikationsnummer: DE359230803 Plattform der EU-Kommission zur Online-Streitbeilegung: https:\/\/ec.europa.eu\/odr Wir sind zur Teilnahme an einem Streitbeilegungsverfahren vor einer Verbraucherschlichtungsstelle weder verpflichtet noch bereit. Verantwortlich im Sinne des PresserechtsAnnette Wiedenbach Bildnachweise Web-Design JUNIK MediaBochum | Hamburgwww.junikmedia.de","og_url":"https:\/\/caurus-technologies.com\/en\/impressum\/","og_site_name":"CAURUS Technologies","article_modified_time":"2024-12-11T06:50:36+00:00","og_image":[{"width":960,"height":540,"url":"https:\/\/caurus-technologies.com\/wp-content\/uploads\/2023\/05\/caurus-header.jpg","type":"image\/jpeg"}],"twitter_card":"summary_large_image","twitter_misc":{"Est. reading time":"1 minute"},"schema":{"@context":"https:\/\/schema.org","@graph":[{"@type":"WebPage","@id":"https:\/\/caurus-technologies.com\/impressum\/","url":"https:\/\/caurus-technologies.com\/impressum\/","name":"Impressum - CAURUS Technologies","isPartOf":{"@id":"https:\/\/caurus-technologies.com\/#website"},"datePublished":"2023-04-28T15:28:58+00:00","dateModified":"2024-12-11T06:50:36+00:00","breadcrumb":{"@id":"https:\/\/caurus-technologies.com\/impressum\/#breadcrumb"},"inLanguage":"en-US","potentialAction":[{"@type":"ReadAction","target":["https:\/\/caurus-technologies.com\/impressum\/"]}]},{"@type":"BreadcrumbList","@id":"https:\/\/caurus-technologies.com\/impressum\/#breadcrumb","itemListElement":[{"@type":"ListItem","position":1,"name":"Startseite","item":"https:\/\/caurus-technologies.com\/"},{"@type":"ListItem","position":2,"name":"Impressum"}]},{"@type":"WebSite","@id":"https:\/\/caurus-technologies.com\/#website","url":"https:\/\/caurus-technologies.com\/","name":"CAURUS Technologies - advanced forest firefighting from the air","description":"Boosting Water\u2019s Impact on Fire | F\u00fcr mehr Pr\u00e4zision, Effizienz und Sicherheit in der Waldbrandbek\u00e4mpfung aus der Luft","publisher":{"@id":"https:\/\/caurus-technologies.com\/#organization"},"potentialAction":[{"@type":"SearchAction","target":{"@type":"EntryPoint","urlTemplate":"https:\/\/caurus-technologies.com\/?s={search_term_string}"},"query-input":{"@type":"PropertyValueSpecification","valueRequired":true,"valueName":"search_term_string"}}],"inLanguage":"en-US"},{"@type":"Organization","@id":"https:\/\/caurus-technologies.com\/#organization","name":"CAURUS Technologies GmbH","url":"https:\/\/caurus-technologies.com\/","logo":{"@type":"ImageObject","inLanguage":"en-US","@id":"https:\/\/caurus-technologies.com\/#\/schema\/logo\/image\/","url":"https:\/\/caurus-technologies.com\/wp-content\/uploads\/2023\/04\/favicon.png","contentUrl":"https:\/\/caurus-technologies.com\/wp-content\/uploads\/2023\/04\/favicon.png","width":512,"height":512,"caption":"CAURUS Technologies GmbH"},"image":{"@id":"https:\/\/caurus-technologies.com\/#\/schema\/logo\/image\/"}}]}},"_links":{"self":[{"href":"https:\/\/caurus-technologies.com\/en\/wp-json\/wp\/v2\/pages\/86","targetHints":{"allow":["GET"]}}],"collection":[{"href":"https:\/\/caurus-technologies.com\/en\/wp-json\/wp\/v2\/pages"}],"about":[{"href":"https:\/\/caurus-technologies.com\/en\/wp-json\/wp\/v2\/types\/page"}],"author":[{"embeddable":true,"href":"https:\/\/caurus-technologies.com\/en\/wp-json\/wp\/v2\/users\/1"}],"replies":[{"embeddable":true,"href":"https:\/\/caurus-technologies.com\/en\/wp-json\/wp\/v2\/comments?post=86"}],"version-history":[{"count":2,"href":"https:\/\/caurus-technologies.com\/en\/wp-json\/wp\/v2\/pages\/86\/revisions"}],"predecessor-version":[{"id":1924,"href":"https:\/\/caurus-technologies.com\/en\/wp-json\/wp\/v2\/pages\/86\/revisions\/1924"}],"wp:attachment":[{"href":"https:\/\/caurus-technologies.com\/en\/wp-json\/wp\/v2\/media?parent=86"}],"curies":[{"name":"wp","href":"https:\/\/api.w.org\/{rel}","templated":true}]}}