{"id":2307,"date":"2025-10-20T14:28:34","date_gmt":"2025-10-20T14:28:34","guid":{"rendered":"https:\/\/caurus-technologies.com\/?page_id=2307"},"modified":"2025-11-04T09:08:03","modified_gmt":"2025-11-04T09:08:03","slug":"mitgliederbereich","status":"publish","type":"page","link":"https:\/\/caurus-technologies.com\/en\/mitgliederbereich\/","title":{"rendered":"Eingeschr\u00e4nkter Inhalt"},"content":{"rendered":"<div style=\"width:450px;padding:50px;margin:50px\">\r\n<p>Deutsch: Diese Internetseite ist f\u00fcr Community-Mitglieder zug\u00e4nglich. Melden Sie sich an oder registrieren Sie sich, um vollen Zugriff zu erhalten.<\/p>\r\n<p>English: This website is accessible for community members. Please log in or register to gain full access<\/p>\r\n\r\n<a href=\"https:\/\/caurus-technologies.com\/en\/login\/\">Login<\/a>\r\n<\/div>","protected":false},"excerpt":{"rendered":"","protected":false},"author":1,"featured_media":0,"parent":0,"menu_order":0,"comment_status":"closed","ping_status":"closed","template":"page-templates\/template-pagebuilder-full-width.php","meta":{"neve_meta_sidebar":"","neve_meta_container":"","neve_meta_enable_content_width":"","neve_meta_content_width":0,"neve_meta_title_alignment":"","neve_meta_author_avatar":"","neve_post_elements_order":"","neve_meta_disable_header":"","neve_meta_disable_footer":"","neve_meta_disable_title":"","neve_meta_reading_time":"","footnotes":""},"class_list":["post-2307","page","type-page","status-publish","hentry"],"yoast_head":"<title>Mitgliederbereich - CAURUS Technologies<\/title>\n<meta name=\"robots\" content=\"index, follow, max-snippet:-1, max-image-preview:large, max-video-preview:-1\" \/>\n<link rel=\"canonical\" href=\"https:\/\/caurus-technologies.com\/en\/mitgliederbereich\/\" \/>\n<meta property=\"og:locale\" content=\"en_US\" \/>\n<meta property=\"og:type\" content=\"article\" \/>\n<meta property=\"og:title\" content=\"Mitgliederbereich - CAURUS Technologies\" \/>\n<meta property=\"og:url\" content=\"https:\/\/caurus-technologies.com\/en\/mitgliederbereich\/\" \/>\n<meta property=\"og:site_name\" content=\"CAURUS Technologies\" \/>\n<meta property=\"article:modified_time\" content=\"2025-11-04T09:08:03+00:00\" \/>\n<meta property=\"og:image\" content=\"https:\/\/caurus-technologies.com\/wp-content\/uploads\/2025\/10\/CAURUS-Mitgliederbereich.jpg\" \/>\n\t<meta property=\"og:image:width\" content=\"2388\" \/>\n\t<meta property=\"og:image:height\" content=\"1745\" \/>\n\t<meta property=\"og:image:type\" content=\"image\/jpeg\" \/>\n<meta name=\"twitter:card\" content=\"summary_large_image\" \/>\n<meta name=\"twitter:label1\" content=\"Est. reading time\" \/>\n\t<meta name=\"twitter:data1\" content=\"1 minute\" \/>\n<script type=\"application\/ld+json\" class=\"yoast-schema-graph\">{\"@context\":\"https:\\\/\\\/schema.org\",\"@graph\":[{\"@type\":\"WebPage\",\"@id\":\"https:\\\/\\\/caurus-technologies.com\\\/mitgliederbereich\\\/\",\"url\":\"https:\\\/\\\/caurus-technologies.com\\\/mitgliederbereich\\\/\",\"name\":\"Mitgliederbereich - CAURUS Technologies\",\"isPartOf\":{\"@id\":\"https:\\\/\\\/caurus-technologies.com\\\/#website\"},\"primaryImageOfPage\":{\"@id\":\"https:\\\/\\\/caurus-technologies.com\\\/mitgliederbereich\\\/#primaryimage\"},\"image\":{\"@id\":\"https:\\\/\\\/caurus-technologies.com\\\/mitgliederbereich\\\/#primaryimage\"},\"thumbnailUrl\":\"https:\\\/\\\/caurus-technologies.com\\\/wp-content\\\/uploads\\\/2025\\\/10\\\/CAURUS-Mitgliederbereich-1024x748.jpg\",\"datePublished\":\"2025-10-20T14:28:34+00:00\",\"dateModified\":\"2025-11-04T09:08:03+00:00\",\"breadcrumb\":{\"@id\":\"https:\\\/\\\/caurus-technologies.com\\\/mitgliederbereich\\\/#breadcrumb\"},\"inLanguage\":\"en-US\",\"potentialAction\":[{\"@type\":\"ReadAction\",\"target\":[\"https:\\\/\\\/caurus-technologies.com\\\/mitgliederbereich\\\/\"]}]},{\"@type\":\"ImageObject\",\"inLanguage\":\"en-US\",\"@id\":\"https:\\\/\\\/caurus-technologies.com\\\/mitgliederbereich\\\/#primaryimage\",\"url\":\"https:\\\/\\\/caurus-technologies.com\\\/wp-content\\\/uploads\\\/2025\\\/10\\\/CAURUS-Mitgliederbereich-1024x748.jpg\",\"contentUrl\":\"https:\\\/\\\/caurus-technologies.com\\\/wp-content\\\/uploads\\\/2025\\\/10\\\/CAURUS-Mitgliederbereich-1024x748.jpg\"},{\"@type\":\"BreadcrumbList\",\"@id\":\"https:\\\/\\\/caurus-technologies.com\\\/mitgliederbereich\\\/#breadcrumb\",\"itemListElement\":[{\"@type\":\"ListItem\",\"position\":1,\"name\":\"Startseite\",\"item\":\"https:\\\/\\\/caurus-technologies.com\\\/\"},{\"@type\":\"ListItem\",\"position\":2,\"name\":\"Mitgliederbereich\"}]},{\"@type\":\"WebSite\",\"@id\":\"https:\\\/\\\/caurus-technologies.com\\\/#website\",\"url\":\"https:\\\/\\\/caurus-technologies.com\\\/\",\"name\":\"CAURUS Technologies\",\"description\":\"Boosting Water\u2019s Impact on Fire | F\u00fcr mehr Pr\u00e4zision, Effizienz und Sicherheit in der Waldbrandbek\u00e4mpfung aus der Luft\",\"publisher\":{\"@id\":\"https:\\\/\\\/caurus-technologies.com\\\/#organization\"},\"potentialAction\":[{\"@type\":\"SearchAction\",\"target\":{\"@type\":\"EntryPoint\",\"urlTemplate\":\"https:\\\/\\\/caurus-technologies.com\\\/?s={search_term_string}\"},\"query-input\":{\"@type\":\"PropertyValueSpecification\",\"valueRequired\":true,\"valueName\":\"search_term_string\"}}],\"inLanguage\":\"en-US\"},{\"@type\":\"Organization\",\"@id\":\"https:\\\/\\\/caurus-technologies.com\\\/#organization\",\"name\":\"CAURUS Technologies GmbH\",\"url\":\"https:\\\/\\\/caurus-technologies.com\\\/\",\"logo\":{\"@type\":\"ImageObject\",\"inLanguage\":\"en-US\",\"@id\":\"https:\\\/\\\/caurus-technologies.com\\\/#\\\/schema\\\/logo\\\/image\\\/\",\"url\":\"https:\\\/\\\/caurus-technologies.com\\\/wp-content\\\/uploads\\\/2023\\\/04\\\/favicon.png\",\"contentUrl\":\"https:\\\/\\\/caurus-technologies.com\\\/wp-content\\\/uploads\\\/2023\\\/04\\\/favicon.png\",\"width\":512,\"height\":512,\"caption\":\"CAURUS Technologies GmbH\"},\"image\":{\"@id\":\"https:\\\/\\\/caurus-technologies.com\\\/#\\\/schema\\\/logo\\\/image\\\/\"}}]}<\/script>","yoast_head_json":{"title":"Mitgliederbereich - CAURUS Technologies","robots":{"index":"index","follow":"follow","max-snippet":"max-snippet:-1","max-image-preview":"max-image-preview:large","max-video-preview":"max-video-preview:-1"},"canonical":"https:\/\/caurus-technologies.com\/en\/mitgliederbereich\/","og_locale":"en_US","og_type":"article","og_title":"Mitgliederbereich - CAURUS Technologies","og_url":"https:\/\/caurus-technologies.com\/en\/mitgliederbereich\/","og_site_name":"CAURUS Technologies","article_modified_time":"2025-11-04T09:08:03+00:00","og_image":[{"width":2388,"height":1745,"url":"https:\/\/caurus-technologies.com\/wp-content\/uploads\/2025\/10\/CAURUS-Mitgliederbereich.jpg","type":"image\/jpeg"}],"twitter_card":"summary_large_image","twitter_misc":{"Est. reading time":"1 minute"},"schema":{"@context":"https:\/\/schema.org","@graph":[{"@type":"WebPage","@id":"https:\/\/caurus-technologies.com\/mitgliederbereich\/","url":"https:\/\/caurus-technologies.com\/mitgliederbereich\/","name":"Mitgliederbereich - CAURUS Technologies","isPartOf":{"@id":"https:\/\/caurus-technologies.com\/#website"},"primaryImageOfPage":{"@id":"https:\/\/caurus-technologies.com\/mitgliederbereich\/#primaryimage"},"image":{"@id":"https:\/\/caurus-technologies.com\/mitgliederbereich\/#primaryimage"},"thumbnailUrl":"https:\/\/caurus-technologies.com\/wp-content\/uploads\/2025\/10\/CAURUS-Mitgliederbereich-1024x748.jpg","datePublished":"2025-10-20T14:28:34+00:00","dateModified":"2025-11-04T09:08:03+00:00","breadcrumb":{"@id":"https:\/\/caurus-technologies.com\/mitgliederbereich\/#breadcrumb"},"inLanguage":"en-US","potentialAction":[{"@type":"ReadAction","target":["https:\/\/caurus-technologies.com\/mitgliederbereich\/"]}]},{"@type":"ImageObject","inLanguage":"en-US","@id":"https:\/\/caurus-technologies.com\/mitgliederbereich\/#primaryimage","url":"https:\/\/caurus-technologies.com\/wp-content\/uploads\/2025\/10\/CAURUS-Mitgliederbereich-1024x748.jpg","contentUrl":"https:\/\/caurus-technologies.com\/wp-content\/uploads\/2025\/10\/CAURUS-Mitgliederbereich-1024x748.jpg"},{"@type":"BreadcrumbList","@id":"https:\/\/caurus-technologies.com\/mitgliederbereich\/#breadcrumb","itemListElement":[{"@type":"ListItem","position":1,"name":"Startseite","item":"https:\/\/caurus-technologies.com\/"},{"@type":"ListItem","position":2,"name":"Mitgliederbereich"}]},{"@type":"WebSite","@id":"https:\/\/caurus-technologies.com\/#website","url":"https:\/\/caurus-technologies.com\/","name":"CAURUS Technologies - advanced forest firefighting from the air","description":"Boosting Water\u2019s Impact on Fire | F\u00fcr mehr Pr\u00e4zision, Effizienz und Sicherheit in der Waldbrandbek\u00e4mpfung aus der Luft","publisher":{"@id":"https:\/\/caurus-technologies.com\/#organization"},"potentialAction":[{"@type":"SearchAction","target":{"@type":"EntryPoint","urlTemplate":"https:\/\/caurus-technologies.com\/?s={search_term_string}"},"query-input":{"@type":"PropertyValueSpecification","valueRequired":true,"valueName":"search_term_string"}}],"inLanguage":"en-US"},{"@type":"Organization","@id":"https:\/\/caurus-technologies.com\/#organization","name":"CAURUS Technologies GmbH","url":"https:\/\/caurus-technologies.com\/","logo":{"@type":"ImageObject","inLanguage":"en-US","@id":"https:\/\/caurus-technologies.com\/#\/schema\/logo\/image\/","url":"https:\/\/caurus-technologies.com\/wp-content\/uploads\/2023\/04\/favicon.png","contentUrl":"https:\/\/caurus-technologies.com\/wp-content\/uploads\/2023\/04\/favicon.png","width":512,"height":512,"caption":"CAURUS Technologies GmbH"},"image":{"@id":"https:\/\/caurus-technologies.com\/#\/schema\/logo\/image\/"}}]}},"_links":{"self":[{"href":"https:\/\/caurus-technologies.com\/en\/wp-json\/wp\/v2\/pages\/2307","targetHints":{"allow":["GET"]}}],"collection":[{"href":"https:\/\/caurus-technologies.com\/en\/wp-json\/wp\/v2\/pages"}],"about":[{"href":"https:\/\/caurus-technologies.com\/en\/wp-json\/wp\/v2\/types\/page"}],"author":[{"embeddable":true,"href":"https:\/\/caurus-technologies.com\/en\/wp-json\/wp\/v2\/users\/1"}],"replies":[{"embeddable":true,"href":"https:\/\/caurus-technologies.com\/en\/wp-json\/wp\/v2\/comments?post=2307"}],"version-history":[{"count":3,"href":"https:\/\/caurus-technologies.com\/en\/wp-json\/wp\/v2\/pages\/2307\/revisions"}],"predecessor-version":[{"id":2445,"href":"https:\/\/caurus-technologies.com\/en\/wp-json\/wp\/v2\/pages\/2307\/revisions\/2445"}],"wp:attachment":[{"href":"https:\/\/caurus-technologies.com\/en\/wp-json\/wp\/v2\/media?parent=2307"}],"curies":[{"name":"wp","href":"https:\/\/api.w.org\/{rel}","templated":true}]}}