{"id":1716,"date":"2024-11-20T10:40:48","date_gmt":"2024-11-20T10:40:48","guid":{"rendered":"https:\/\/caurus-technologies.com\/login\/"},"modified":"2024-11-20T10:40:48","modified_gmt":"2024-11-20T10:40:48","slug":"login","status":"publish","type":"page","link":"https:\/\/caurus-technologies.com\/en\/login\/","title":{"rendered":"Login"},"content":{"rendered":"<div class=\"um um-login um-1712\">\n\t<div class=\"um-form\">\n\t\t<form method=\"post\" action=\"\" autocomplete=\"off\" data-trp-original-action=\"\">\n\t\t\t<div class=\"um-row _um_row_1\" style=\"margin: 0 0 30px 0;\"><div class=\"um-col-1\"><div  id=\"um_field_1712_username\" class=\"um-field um-field-text  um-field-username um-field-text um-field-type_text\" data-key=\"username\"><div class=\"um-field-label\"><label for=\"username-1712\">Username<span class=\"um-req\" title=\"Required\">*<\/span><\/label><div class=\"um-clear\"><\/div><\/div><div class=\"um-field-area\"><div class=\"um-field-icon\"><i class=\"fas fa-circle-user\"><\/i><\/div><input  autocomplete=\"off\" class=\"um-form-field valid um-iconed\" type=\"text\" name=\"username-1712\" id=\"username-1712\" value=\"\" placeholder=\"Email\" data-validate=\"\" data-key=\"username\"  aria-invalid=\"false\" \/>\n\n\t\t\t\t\t\t<\/div><\/div><div  id=\"um_field_1712_user_password\" class=\"um-field um-field-password  um-field-user_password um-field-password um-field-type_password\" data-key=\"user_password\"><div class=\"um-field-label\"><label for=\"user_password-1712\">Password<span class=\"um-req\" title=\"Required\">*<\/span><\/label><div class=\"um-clear\"><\/div><\/div><div class=\"um-field-area\"><div class=\"um-field-icon\"><i class=\"fas fa-key\"><\/i><\/div><input class=\"um-form-field valid um-iconed\" type=\"password\" name=\"user_password-1712\" id=\"user_password-1712\" value=\"\" placeholder=\"\" data-validate=\"\" data-key=\"user_password\"  aria-invalid=\"false\" \/>\n\n\t\t\t\t\t\t\t<\/div><\/div><\/div><\/div>\t<input type=\"hidden\" name=\"form_id\" id=\"form_id_1712\" value=\"1712\" \/>\n\t\t<p class=\"um_request_name\">\n\t\t<label for=\"um_request_1712\">Only fill in if you are not human<\/label>\n\t\t<input type=\"hidden\" name=\"um_request\" id=\"um_request_1712\" class=\"input\" value=\"\" size=\"25\" autocomplete=\"off\" \/>\n\t<\/p>\n\t<input type=\"hidden\" id=\"_wpnonce\" name=\"_wpnonce\" value=\"d00cb19226\" \/><input type=\"hidden\" name=\"_wp_http_referer\" value=\"\/en\/wp-json\/wp\/v2\/pages\/1716\" \/>\n\t<div class=\"um-col-alt\">\n\n\t\t\n\n\t\t\t<div class=\"um-field um-field-c\">\n\t\t\t\t<div class=\"um-field-area\">\n\t\t\t\t\t<label class=\"um-field-checkbox\">\n\t\t\t\t\t\t<input type=\"checkbox\" name=\"rememberme\" value=\"1\"  \/>\n\t\t\t\t\t\t<span class=\"um-field-checkbox-state\"><i class=\"um-icon-android-checkbox-outline-blank\"><\/i><\/span>\n\t\t\t\t\t\t<span class=\"um-field-checkbox-option\"> Keep me signed in<\/span>\n\t\t\t\t\t<\/label>\n\t\t\t\t<\/div>\n\t\t\t<\/div>\n\n\t\t\t\t\t\t<div class=\"um-clear\"><\/div>\n\t\t\n\t\t\t<div class=\"um-left um-half\">\n\t\t\t\t<input type=\"submit\" value=\"Login\" class=\"um-button\" id=\"um-submit-btn\" \/>\n\t\t\t<\/div>\n\t\t\t<div class=\"um-right um-half\">\n\t\t\t\t<a href=\"https:\/\/caurus-technologies.com\/en\/register\/\" class=\"um-button um-alt\">\n\t\t\t\t\tRegister\t\t\t\t<\/a>\n\t\t\t<\/div>\n\n\t\t\n\t\t<div class=\"um-clear\"><\/div>\n\n\t<\/div>\n\n\t\n\t<div class=\"um-col-alt-b\">\n\t\t<a href=\"https:\/\/caurus-technologies.com\/en\/password-reset\/\" class=\"um-link-alt\">\n\t\t\tForgot your password?\t\t<\/a>\n\t<\/div>\n\n\t\t\t<input type=\"hidden\" name=\"trp-form-language\" value=\"en\"\/><\/form>\n\t<\/div>\n<\/div>\n<style>\n\t\t\t.um-1712.um {\n\t\t\tmax-width: 450px;\n\t\t}\n\t\t<\/style>","protected":false},"excerpt":{"rendered":"","protected":false},"author":1,"featured_media":0,"parent":0,"menu_order":0,"comment_status":"closed","ping_status":"closed","template":"","meta":{"neve_meta_sidebar":"","neve_meta_container":"","neve_meta_enable_content_width":"","neve_meta_content_width":0,"neve_meta_title_alignment":"","neve_meta_author_avatar":"","neve_post_elements_order":"","neve_meta_disable_header":"","neve_meta_disable_footer":"","neve_meta_disable_title":"","neve_meta_reading_time":"","footnotes":""},"class_list":["post-1716","page","type-page","status-publish","hentry"],"yoast_head":"<title>Anmelden - CAURUS Technologies<\/title>\n<meta name=\"robots\" content=\"index, follow, max-snippet:-1, max-image-preview:large, max-video-preview:-1\" \/>\n<link rel=\"canonical\" href=\"https:\/\/caurus-technologies.com\/en\/login\/\" \/>\n<meta property=\"og:locale\" content=\"en_US\" \/>\n<meta property=\"og:type\" content=\"article\" \/>\n<meta property=\"og:title\" content=\"Anmelden - CAURUS Technologies\" \/>\n<meta property=\"og:url\" content=\"https:\/\/caurus-technologies.com\/en\/login\/\" \/>\n<meta property=\"og:site_name\" content=\"CAURUS Technologies\" \/>\n<meta property=\"og:image\" content=\"https:\/\/caurus-technologies.com\/wp-content\/uploads\/2023\/05\/caurus-header.jpg\" \/>\n\t<meta property=\"og:image:width\" content=\"960\" \/>\n\t<meta property=\"og:image:height\" content=\"540\" \/>\n\t<meta property=\"og:image:type\" content=\"image\/jpeg\" \/>\n<meta name=\"twitter:card\" content=\"summary_large_image\" \/>\n<script type=\"application\/ld+json\" class=\"yoast-schema-graph\">{\"@context\":\"https:\\\/\\\/schema.org\",\"@graph\":[{\"@type\":\"WebPage\",\"@id\":\"https:\\\/\\\/caurus-technologies.com\\\/login\\\/\",\"url\":\"https:\\\/\\\/caurus-technologies.com\\\/login\\\/\",\"name\":\"Anmelden - CAURUS Technologies\",\"isPartOf\":{\"@id\":\"https:\\\/\\\/caurus-technologies.com\\\/#website\"},\"datePublished\":\"2024-11-20T10:40:48+00:00\",\"breadcrumb\":{\"@id\":\"https:\\\/\\\/caurus-technologies.com\\\/login\\\/#breadcrumb\"},\"inLanguage\":\"en-US\",\"potentialAction\":[{\"@type\":\"ReadAction\",\"target\":[\"https:\\\/\\\/caurus-technologies.com\\\/login\\\/\"]}]},{\"@type\":\"BreadcrumbList\",\"@id\":\"https:\\\/\\\/caurus-technologies.com\\\/login\\\/#breadcrumb\",\"itemListElement\":[{\"@type\":\"ListItem\",\"position\":1,\"name\":\"Startseite\",\"item\":\"https:\\\/\\\/caurus-technologies.com\\\/\"},{\"@type\":\"ListItem\",\"position\":2,\"name\":\"Anmelden\"}]},{\"@type\":\"WebSite\",\"@id\":\"https:\\\/\\\/caurus-technologies.com\\\/#website\",\"url\":\"https:\\\/\\\/caurus-technologies.com\\\/\",\"name\":\"CAURUS Technologies\",\"description\":\"Boosting Water\u2019s Impact on Fire | F\u00fcr mehr Pr\u00e4zision, Effizienz und Sicherheit in der Waldbrandbek\u00e4mpfung aus der Luft\",\"publisher\":{\"@id\":\"https:\\\/\\\/caurus-technologies.com\\\/#organization\"},\"potentialAction\":[{\"@type\":\"SearchAction\",\"target\":{\"@type\":\"EntryPoint\",\"urlTemplate\":\"https:\\\/\\\/caurus-technologies.com\\\/?s={search_term_string}\"},\"query-input\":{\"@type\":\"PropertyValueSpecification\",\"valueRequired\":true,\"valueName\":\"search_term_string\"}}],\"inLanguage\":\"en-US\"},{\"@type\":\"Organization\",\"@id\":\"https:\\\/\\\/caurus-technologies.com\\\/#organization\",\"name\":\"CAURUS Technologies GmbH\",\"url\":\"https:\\\/\\\/caurus-technologies.com\\\/\",\"logo\":{\"@type\":\"ImageObject\",\"inLanguage\":\"en-US\",\"@id\":\"https:\\\/\\\/caurus-technologies.com\\\/#\\\/schema\\\/logo\\\/image\\\/\",\"url\":\"https:\\\/\\\/caurus-technologies.com\\\/wp-content\\\/uploads\\\/2023\\\/04\\\/favicon.png\",\"contentUrl\":\"https:\\\/\\\/caurus-technologies.com\\\/wp-content\\\/uploads\\\/2023\\\/04\\\/favicon.png\",\"width\":512,\"height\":512,\"caption\":\"CAURUS Technologies GmbH\"},\"image\":{\"@id\":\"https:\\\/\\\/caurus-technologies.com\\\/#\\\/schema\\\/logo\\\/image\\\/\"}}]}<\/script>","yoast_head_json":{"title":"Anmelden - CAURUS Technologies","robots":{"index":"index","follow":"follow","max-snippet":"max-snippet:-1","max-image-preview":"max-image-preview:large","max-video-preview":"max-video-preview:-1"},"canonical":"https:\/\/caurus-technologies.com\/en\/login\/","og_locale":"en_US","og_type":"article","og_title":"Anmelden - CAURUS Technologies","og_url":"https:\/\/caurus-technologies.com\/en\/login\/","og_site_name":"CAURUS Technologies","og_image":[{"width":960,"height":540,"url":"https:\/\/caurus-technologies.com\/wp-content\/uploads\/2023\/05\/caurus-header.jpg","type":"image\/jpeg"}],"twitter_card":"summary_large_image","schema":{"@context":"https:\/\/schema.org","@graph":[{"@type":"WebPage","@id":"https:\/\/caurus-technologies.com\/login\/","url":"https:\/\/caurus-technologies.com\/login\/","name":"Anmelden - CAURUS Technologies","isPartOf":{"@id":"https:\/\/caurus-technologies.com\/#website"},"datePublished":"2024-11-20T10:40:48+00:00","breadcrumb":{"@id":"https:\/\/caurus-technologies.com\/login\/#breadcrumb"},"inLanguage":"en-US","potentialAction":[{"@type":"ReadAction","target":["https:\/\/caurus-technologies.com\/login\/"]}]},{"@type":"BreadcrumbList","@id":"https:\/\/caurus-technologies.com\/login\/#breadcrumb","itemListElement":[{"@type":"ListItem","position":1,"name":"Startseite","item":"https:\/\/caurus-technologies.com\/"},{"@type":"ListItem","position":2,"name":"Anmelden"}]},{"@type":"WebSite","@id":"https:\/\/caurus-technologies.com\/#website","url":"https:\/\/caurus-technologies.com\/","name":"CAURUS Technologies - advanced forest firefighting from the air","description":"Boosting Water\u2019s Impact on Fire | F\u00fcr mehr Pr\u00e4zision, Effizienz und Sicherheit in der Waldbrandbek\u00e4mpfung aus der Luft","publisher":{"@id":"https:\/\/caurus-technologies.com\/#organization"},"potentialAction":[{"@type":"SearchAction","target":{"@type":"EntryPoint","urlTemplate":"https:\/\/caurus-technologies.com\/?s={search_term_string}"},"query-input":{"@type":"PropertyValueSpecification","valueRequired":true,"valueName":"search_term_string"}}],"inLanguage":"en-US"},{"@type":"Organization","@id":"https:\/\/caurus-technologies.com\/#organization","name":"CAURUS Technologies GmbH","url":"https:\/\/caurus-technologies.com\/","logo":{"@type":"ImageObject","inLanguage":"en-US","@id":"https:\/\/caurus-technologies.com\/#\/schema\/logo\/image\/","url":"https:\/\/caurus-technologies.com\/wp-content\/uploads\/2023\/04\/favicon.png","contentUrl":"https:\/\/caurus-technologies.com\/wp-content\/uploads\/2023\/04\/favicon.png","width":512,"height":512,"caption":"CAURUS Technologies GmbH"},"image":{"@id":"https:\/\/caurus-technologies.com\/#\/schema\/logo\/image\/"}}]}},"_links":{"self":[{"href":"https:\/\/caurus-technologies.com\/en\/wp-json\/wp\/v2\/pages\/1716","targetHints":{"allow":["GET"]}}],"collection":[{"href":"https:\/\/caurus-technologies.com\/en\/wp-json\/wp\/v2\/pages"}],"about":[{"href":"https:\/\/caurus-technologies.com\/en\/wp-json\/wp\/v2\/types\/page"}],"author":[{"embeddable":true,"href":"https:\/\/caurus-technologies.com\/en\/wp-json\/wp\/v2\/users\/1"}],"replies":[{"embeddable":true,"href":"https:\/\/caurus-technologies.com\/en\/wp-json\/wp\/v2\/comments?post=1716"}],"version-history":[{"count":0,"href":"https:\/\/caurus-technologies.com\/en\/wp-json\/wp\/v2\/pages\/1716\/revisions"}],"wp:attachment":[{"href":"https:\/\/caurus-technologies.com\/en\/wp-json\/wp\/v2\/media?parent=1716"}],"curies":[{"name":"wp","href":"https:\/\/api.w.org\/{rel}","templated":true}]}}