{"id":798,"date":"2024-02-15T11:20:12","date_gmt":"2024-02-15T11:20:12","guid":{"rendered":"https:\/\/caurus-technologies.com\/?page_id=798"},"modified":"2024-12-17T08:07:09","modified_gmt":"2024-12-17T08:07:09","slug":"kontakt","status":"publish","type":"page","link":"http:\/\/caurus-technologies.com\/en\/kontakt\/","title":{"rendered":"Contact"},"content":{"rendered":"\t\t<div data-elementor-type=\"wp-page\" data-elementor-id=\"798\" class=\"elementor elementor-798\">\n\t\t\t\t\t\t<section class=\"elementor-section elementor-top-section elementor-element elementor-element-714454d0 elementor-section-content-middle elementor-section-full_width elementor-section-height-default elementor-section-height-default\" data-id=\"714454d0\" data-element_type=\"section\" data-e-type=\"section\">\n\t\t\t\t\t\t<div class=\"elementor-container elementor-column-gap-no\">\n\t\t\t\t\t<div class=\"elementor-column elementor-col-50 elementor-top-column elementor-element elementor-element-1cc06f24\" data-id=\"1cc06f24\" data-element_type=\"column\" data-e-type=\"column\">\n\t\t\t<div class=\"elementor-widget-wrap elementor-element-populated\">\n\t\t\t\t\t\t<div class=\"elementor-element elementor-element-474c68ca elementor-widget elementor-widget-heading\" data-id=\"474c68ca\" data-element_type=\"widget\" data-e-type=\"widget\" data-widget_type=\"heading.default\">\n\t\t\t\t<div class=\"elementor-widget-container\">\n\t\t\t\t\t<h1 class=\"elementor-heading-title elementor-size-default\">Kontaktieren Sie uns<\/h1>\t\t\t\t<\/div>\n\t\t\t\t<\/div>\n\t\t\t\t<div class=\"elementor-element elementor-element-1355c140 elementor-widget elementor-widget-text-editor\" data-id=\"1355c140\" data-element_type=\"widget\" data-e-type=\"widget\" data-widget_type=\"text-editor.default\">\n\t\t\t\t<div class=\"elementor-widget-container\">\n\t\t\t\t\t\t\t\t\t<p>Wir begr\u00fc\u00dfen Interesse von Anwendern aus dem Bereich Brandbek\u00e4mpfung, Technologiepartnern und Investoren. Nutzen Sie unser Kontakt Formular.<\/p>\t\t\t\t\t\t\t\t<\/div>\n\t\t\t\t<\/div>\n\t\t\t\t\t<\/div>\n\t\t<\/div>\n\t\t\t\t<div class=\"elementor-column elementor-col-50 elementor-top-column elementor-element elementor-element-2d6d8a09\" data-id=\"2d6d8a09\" data-element_type=\"column\" data-e-type=\"column\">\n\t\t\t<div class=\"elementor-widget-wrap elementor-element-populated\">\n\t\t\t\t\t\t<div class=\"elementor-element elementor-element-7e94401 elementor-widget elementor-widget-image\" data-id=\"7e94401\" data-element_type=\"widget\" data-e-type=\"widget\" data-widget_type=\"image.default\">\n\t\t\t\t<div class=\"elementor-widget-container\">\n\t\t\t\t\t\t\t\t\t\t\t\t\t\t\t<img fetchpriority=\"high\" decoding=\"async\" width=\"572\" height=\"208\" src=\"https:\/\/caurus-technologies.com\/wp-content\/uploads\/2023\/04\/logo-transparent.png\" class=\"attachment-large size-large wp-image-102\" alt=\"Logo CAURUS Technologies\" srcset=\"https:\/\/caurus-technologies.com\/wp-content\/uploads\/2023\/04\/logo-transparent.png 572w, https:\/\/caurus-technologies.com\/wp-content\/uploads\/2023\/04\/logo-transparent-300x109.png 300w\" sizes=\"(max-width: 572px) 100vw, 572px\" \/>\t\t\t\t\t\t\t\t\t\t\t\t\t\t\t<\/div>\n\t\t\t\t<\/div>\n\t\t\t\t\t<\/div>\n\t\t<\/div>\n\t\t\t\t\t<\/div>\n\t\t<\/section>\n\t\t\t\t<section class=\"elementor-section elementor-top-section elementor-element elementor-element-4fe0e03a elementor-section-full_width elementor-section-content-middle elementor-reverse-mobile elementor-section-height-default elementor-section-height-default\" data-id=\"4fe0e03a\" data-element_type=\"section\" data-e-type=\"section\" data-settings=\"{&quot;background_background&quot;:&quot;classic&quot;}\">\n\t\t\t\t\t\t<div class=\"elementor-container elementor-column-gap-no\">\n\t\t\t\t\t<div class=\"elementor-column elementor-col-50 elementor-top-column elementor-element elementor-element-49df82a9\" data-id=\"49df82a9\" data-element_type=\"column\" data-e-type=\"column\">\n\t\t\t<div class=\"elementor-widget-wrap elementor-element-populated\">\n\t\t\t\t\t\t<div class=\"elementor-element elementor-element-2540a1e2 elementor-widget elementor-widget-heading\" data-id=\"2540a1e2\" data-element_type=\"widget\" data-e-type=\"widget\" data-widget_type=\"heading.default\">\n\t\t\t\t<div class=\"elementor-widget-container\">\n\t\t\t\t\t<h2 class=\"elementor-heading-title elementor-size-default\">Kontakt<\/h2>\t\t\t\t<\/div>\n\t\t\t\t<\/div>\n\t\t\t\t<div class=\"elementor-element elementor-element-70b710d5 elementor-widget elementor-widget-text-editor\" data-id=\"70b710d5\" data-element_type=\"widget\" data-e-type=\"widget\" data-widget_type=\"text-editor.default\">\n\t\t\t\t<div class=\"elementor-widget-container\">\n\t\t\t\t\t\t\t\t\t<p>CAURUS Technologies GmbH<br \/>Schneckenburgerstr. 22<br \/>81675 M\u00fcnchen<\/p>\t\t\t\t\t\t\t\t<\/div>\n\t\t\t\t<\/div>\n\t\t\t\t\t<\/div>\n\t\t<\/div>\n\t\t\t\t<div class=\"elementor-column elementor-col-50 elementor-top-column elementor-element elementor-element-78c70c10\" data-id=\"78c70c10\" data-element_type=\"column\" data-e-type=\"column\">\n\t\t\t<div class=\"elementor-widget-wrap elementor-element-populated\">\n\t\t\t\t\t\t<div class=\"elementor-element elementor-element-531fd979 elementor-widget elementor-widget-content_form_contact\" data-id=\"531fd979\" data-element_type=\"widget\" data-e-type=\"widget\" data-widget_type=\"content_form_contact.default\">\n\t\t\t\t<div class=\"elementor-widget-container\">\n\t\t\t\t\t<form action=\"https:\/\/caurus-technologies.com\/wp-admin\/admin-post.php\" method=\"post\" name=\"content-form-531fd979\" id=\"content-form-531fd979\" class=\"ti-cf-module content-form content-form-contact content_form_contact\"><input type=\"hidden\" id=\"_wpnonce_contact\" name=\"_wpnonce_contact\" value=\"8222ef954f\" \/><input type=\"hidden\" name=\"_wp_http_referer\" value=\"\/en\/wp-json\/wp\/v2\/pages\/798\" \/><input type=\"hidden\" name=\"action\" value=\"content_form_submit\" \/><input type=\"hidden\" name=\"form-type\" value=\"contact\" \/><input type=\"hidden\" name=\"form-builder\" value=\"elementor\" \/><input type=\"hidden\" name=\"post-id\" value=\"798\" \/><input type=\"hidden\" name=\"form-id\" value=\"531fd979\" \/><fieldset class=&quot;content-form-field-text elementor-column elementor-col-100&quot;><label for=\"data[531fd979][name]\" >Name<span class=\"required-mark\"> *<\/span><\/label><input type=\"text\" name=\"data[531fd979][name]\" id=\"data[531fd979][name]\" required=required  placeholder=\"Name\"><\/fieldset><fieldset class=&quot;content-form-field-email elementor-column elementor-col-100&quot;><label for=\"data[531fd979][email]\" >E-Mail<span class=\"required-mark\"> *<\/span><\/label><input type=\"text\" name=\"data[531fd979][email]\" id=\"data[531fd979][email]\" required=required  placeholder=\"E-Mail\"><\/fieldset><fieldset class=&quot;content-form-field-number elementor-column elementor-col-100&quot;><label for=\"data[531fd979][phone]\" >Telefon<\/label><input type=\"text\" name=\"data[531fd979][phone]\" id=\"data[531fd979][phone]\"   placeholder=\"Telefon\"><\/fieldset><fieldset class=&quot;content-form-field-textarea elementor-column elementor-col-100&quot;><label for=\"data[531fd979][message]\" >Ihre Nachricht<span class=\"required-mark\"> *<\/span><\/label><textarea name=\"data[531fd979][message]\" id=\"data[531fd979][message]\"  required=required placeholder=\"Ihre Nachricht\" cols=\"30\" rows=\"5\"><\/textarea><\/fieldset><fieldset class=&quot;content-form-field-checkbox elementor-column elementor-col-100&quot;><label class=\"checkbox-input\" for=\"data[531fd979][mit-den-datenschutzbestimmungen-erklaere-ich-mich-einverstanden]\" >Mit den <a href=\"https:\/\/caurus-technologies.com\/privacy-policy\/\" target=\"_blank\">Datenschutzbestimmungen<\/a> erkl\u00e4re ich mich einverstanden<span class=\"required-mark\"> *<\/span><input type=\"checkbox\" name=\"data[531fd979][mit-den-datenschutzbestimmungen-erklaere-ich-mich-einverstanden]\" id=\"data[531fd979][mit-den-datenschutzbestimmungen-erklaere-ich-mich-einverstanden]\" required=required ><\/label><\/fieldset><fieldset class=\"submit-form contact\"><button type=\"submit\" name=\"submit\"  value=\"submit-contact-531fd979\" class=\"\">Absenden<\/button><\/fieldset><\/form>\t\t\t\t<\/div>\n\t\t\t\t<\/div>\n\t\t\t\t\t<\/div>\n\t\t<\/div>\n\t\t\t\t\t<\/div>\n\t\t<\/section>\n\t\t\t\t<\/div>\n\t\t","protected":false},"excerpt":{"rendered":"<p>Kontaktieren Sie uns Wir begr\u00fc\u00dfen Interesse von Anwendern aus dem Bereich Brandbek\u00e4mpfung, Technologiepartnern und Investoren. Nutzen Sie unser Kontakt Formular. Kontakt CAURUS Technologies GmbHSchneckenburgerstr. 2281675 M\u00fcnchen Name * E-Mail * Telefon Ihre Nachricht * Mit den Datenschutzbestimmungen erkl\u00e4re ich mich einverstanden * Absenden<\/p>","protected":false},"author":1,"featured_media":400,"parent":0,"menu_order":0,"comment_status":"closed","ping_status":"closed","template":"page-templates\/template-pagebuilder-full-width.php","meta":{"neve_meta_sidebar":"","neve_meta_container":"","neve_meta_enable_content_width":"","neve_meta_content_width":0,"neve_meta_title_alignment":"","neve_meta_author_avatar":"","neve_post_elements_order":"","neve_meta_disable_header":"","neve_meta_disable_footer":"","neve_meta_disable_title":"","neve_meta_reading_time":"","footnotes":""},"class_list":["post-798","page","type-page","status-publish","has-post-thumbnail","hentry"],"yoast_head":"<title>Kontakt - CAURUS Technologies<\/title>\n<meta name=\"description\" content=\"Nehmen Sie Kontakt zu CAURUS Technologies auf uns helfen Sie uns die Technologie zur Waldbrandbek\u00e4mpung von morgen zu entwickeln.\" \/>\n<meta name=\"robots\" content=\"index, follow, max-snippet:-1, max-image-preview:large, max-video-preview:-1\" \/>\n<link rel=\"canonical\" href=\"https:\/\/caurus-technologies.com\/en\/kontakt\/\" \/>\n<meta property=\"og:locale\" content=\"en_US\" \/>\n<meta property=\"og:type\" content=\"article\" \/>\n<meta property=\"og:title\" content=\"Kontakt - CAURUS Technologies\" \/>\n<meta property=\"og:description\" content=\"Nehmen Sie Kontakt zu CAURUS Technologies auf uns helfen Sie uns die Technologie zur Waldbrandbek\u00e4mpung von morgen zu entwickeln.\" \/>\n<meta property=\"og:url\" content=\"https:\/\/caurus-technologies.com\/en\/kontakt\/\" \/>\n<meta property=\"og:site_name\" content=\"CAURUS Technologies\" \/>\n<meta property=\"article:modified_time\" content=\"2024-12-17T08:07:09+00:00\" \/>\n<meta property=\"og:image\" content=\"https:\/\/caurus-technologies.com\/wp-content\/uploads\/2023\/04\/favicon.png\" \/>\n\t<meta property=\"og:image:width\" content=\"512\" \/>\n\t<meta property=\"og:image:height\" content=\"512\" \/>\n\t<meta property=\"og:image:type\" content=\"image\/png\" \/>\n<meta name=\"twitter:card\" content=\"summary_large_image\" \/>\n<meta name=\"twitter:label1\" content=\"Est. reading time\" \/>\n\t<meta name=\"twitter:data1\" content=\"1 minute\" \/>\n<script type=\"application\/ld+json\" class=\"yoast-schema-graph\">{\"@context\":\"https:\\\/\\\/schema.org\",\"@graph\":[{\"@type\":\"WebPage\",\"@id\":\"https:\\\/\\\/caurus-technologies.com\\\/kontakt\\\/\",\"url\":\"https:\\\/\\\/caurus-technologies.com\\\/kontakt\\\/\",\"name\":\"Kontakt - CAURUS Technologies\",\"isPartOf\":{\"@id\":\"https:\\\/\\\/caurus-technologies.com\\\/#website\"},\"primaryImageOfPage\":{\"@id\":\"https:\\\/\\\/caurus-technologies.com\\\/kontakt\\\/#primaryimage\"},\"image\":{\"@id\":\"https:\\\/\\\/caurus-technologies.com\\\/kontakt\\\/#primaryimage\"},\"thumbnailUrl\":\"https:\\\/\\\/caurus-technologies.com\\\/wp-content\\\/uploads\\\/2023\\\/04\\\/favicon.png\",\"datePublished\":\"2024-02-15T11:20:12+00:00\",\"dateModified\":\"2024-12-17T08:07:09+00:00\",\"description\":\"Nehmen Sie Kontakt zu CAURUS Technologies auf uns helfen Sie uns die Technologie zur Waldbrandbek\u00e4mpung von morgen zu entwickeln.\",\"breadcrumb\":{\"@id\":\"https:\\\/\\\/caurus-technologies.com\\\/kontakt\\\/#breadcrumb\"},\"inLanguage\":\"en-US\",\"potentialAction\":[{\"@type\":\"ReadAction\",\"target\":[\"https:\\\/\\\/caurus-technologies.com\\\/kontakt\\\/\"]}]},{\"@type\":\"ImageObject\",\"inLanguage\":\"en-US\",\"@id\":\"https:\\\/\\\/caurus-technologies.com\\\/kontakt\\\/#primaryimage\",\"url\":\"https:\\\/\\\/caurus-technologies.com\\\/wp-content\\\/uploads\\\/2023\\\/04\\\/favicon.png\",\"contentUrl\":\"https:\\\/\\\/caurus-technologies.com\\\/wp-content\\\/uploads\\\/2023\\\/04\\\/favicon.png\",\"width\":512,\"height\":512,\"caption\":\"Favicon CAURUS Technologies\"},{\"@type\":\"BreadcrumbList\",\"@id\":\"https:\\\/\\\/caurus-technologies.com\\\/kontakt\\\/#breadcrumb\",\"itemListElement\":[{\"@type\":\"ListItem\",\"position\":1,\"name\":\"Startseite\",\"item\":\"https:\\\/\\\/caurus-technologies.com\\\/\"},{\"@type\":\"ListItem\",\"position\":2,\"name\":\"Kontakt\"}]},{\"@type\":\"WebSite\",\"@id\":\"https:\\\/\\\/caurus-technologies.com\\\/#website\",\"url\":\"https:\\\/\\\/caurus-technologies.com\\\/\",\"name\":\"CAURUS Technologies\",\"description\":\"Boosting Water\u2019s Impact on Fire | F\u00fcr mehr Pr\u00e4zision, Effizienz und Sicherheit in der Waldbrandbek\u00e4mpfung aus der Luft\",\"publisher\":{\"@id\":\"https:\\\/\\\/caurus-technologies.com\\\/#organization\"},\"potentialAction\":[{\"@type\":\"SearchAction\",\"target\":{\"@type\":\"EntryPoint\",\"urlTemplate\":\"https:\\\/\\\/caurus-technologies.com\\\/?s={search_term_string}\"},\"query-input\":{\"@type\":\"PropertyValueSpecification\",\"valueRequired\":true,\"valueName\":\"search_term_string\"}}],\"inLanguage\":\"en-US\"},{\"@type\":\"Organization\",\"@id\":\"https:\\\/\\\/caurus-technologies.com\\\/#organization\",\"name\":\"CAURUS Technologies GmbH\",\"url\":\"https:\\\/\\\/caurus-technologies.com\\\/\",\"logo\":{\"@type\":\"ImageObject\",\"inLanguage\":\"en-US\",\"@id\":\"https:\\\/\\\/caurus-technologies.com\\\/#\\\/schema\\\/logo\\\/image\\\/\",\"url\":\"https:\\\/\\\/caurus-technologies.com\\\/wp-content\\\/uploads\\\/2023\\\/04\\\/favicon.png\",\"contentUrl\":\"https:\\\/\\\/caurus-technologies.com\\\/wp-content\\\/uploads\\\/2023\\\/04\\\/favicon.png\",\"width\":512,\"height\":512,\"caption\":\"CAURUS Technologies GmbH\"},\"image\":{\"@id\":\"https:\\\/\\\/caurus-technologies.com\\\/#\\\/schema\\\/logo\\\/image\\\/\"}}]}<\/script>","yoast_head_json":{"title":"Kontakt - CAURUS Technologies","description":"Nehmen Sie Kontakt zu CAURUS Technologies auf uns helfen Sie uns die Technologie zur Waldbrandbek\u00e4mpung von morgen zu entwickeln.","robots":{"index":"index","follow":"follow","max-snippet":"max-snippet:-1","max-image-preview":"max-image-preview:large","max-video-preview":"max-video-preview:-1"},"canonical":"https:\/\/caurus-technologies.com\/en\/kontakt\/","og_locale":"en_US","og_type":"article","og_title":"Kontakt - CAURUS Technologies","og_description":"Nehmen Sie Kontakt zu CAURUS Technologies auf uns helfen Sie uns die Technologie zur Waldbrandbek\u00e4mpung von morgen zu entwickeln.","og_url":"https:\/\/caurus-technologies.com\/en\/kontakt\/","og_site_name":"CAURUS Technologies","article_modified_time":"2024-12-17T08:07:09+00:00","og_image":[{"width":512,"height":512,"url":"https:\/\/caurus-technologies.com\/wp-content\/uploads\/2023\/04\/favicon.png","type":"image\/png"}],"twitter_card":"summary_large_image","twitter_misc":{"Est. reading time":"1 minute"},"schema":{"@context":"https:\/\/schema.org","@graph":[{"@type":"WebPage","@id":"https:\/\/caurus-technologies.com\/kontakt\/","url":"https:\/\/caurus-technologies.com\/kontakt\/","name":"Kontakt - CAURUS Technologies","isPartOf":{"@id":"https:\/\/caurus-technologies.com\/#website"},"primaryImageOfPage":{"@id":"https:\/\/caurus-technologies.com\/kontakt\/#primaryimage"},"image":{"@id":"https:\/\/caurus-technologies.com\/kontakt\/#primaryimage"},"thumbnailUrl":"https:\/\/caurus-technologies.com\/wp-content\/uploads\/2023\/04\/favicon.png","datePublished":"2024-02-15T11:20:12+00:00","dateModified":"2024-12-17T08:07:09+00:00","description":"Nehmen Sie Kontakt zu CAURUS Technologies auf uns helfen Sie uns die Technologie zur Waldbrandbek\u00e4mpung von morgen zu entwickeln.","breadcrumb":{"@id":"https:\/\/caurus-technologies.com\/kontakt\/#breadcrumb"},"inLanguage":"en-US","potentialAction":[{"@type":"ReadAction","target":["https:\/\/caurus-technologies.com\/kontakt\/"]}]},{"@type":"ImageObject","inLanguage":"en-US","@id":"https:\/\/caurus-technologies.com\/kontakt\/#primaryimage","url":"https:\/\/caurus-technologies.com\/wp-content\/uploads\/2023\/04\/favicon.png","contentUrl":"https:\/\/caurus-technologies.com\/wp-content\/uploads\/2023\/04\/favicon.png","width":512,"height":512,"caption":"Favicon CAURUS Technologies"},{"@type":"BreadcrumbList","@id":"https:\/\/caurus-technologies.com\/kontakt\/#breadcrumb","itemListElement":[{"@type":"ListItem","position":1,"name":"Startseite","item":"https:\/\/caurus-technologies.com\/"},{"@type":"ListItem","position":2,"name":"Kontakt"}]},{"@type":"WebSite","@id":"https:\/\/caurus-technologies.com\/#website","url":"https:\/\/caurus-technologies.com\/","name":"CAURUS Technologies - advanced forest firefighting from the air","description":"Boosting Water\u2019s Impact on Fire | F\u00fcr mehr Pr\u00e4zision, Effizienz und Sicherheit in der Waldbrandbek\u00e4mpfung aus der Luft","publisher":{"@id":"https:\/\/caurus-technologies.com\/#organization"},"potentialAction":[{"@type":"SearchAction","target":{"@type":"EntryPoint","urlTemplate":"https:\/\/caurus-technologies.com\/?s={search_term_string}"},"query-input":{"@type":"PropertyValueSpecification","valueRequired":true,"valueName":"search_term_string"}}],"inLanguage":"en-US"},{"@type":"Organization","@id":"https:\/\/caurus-technologies.com\/#organization","name":"CAURUS Technologies GmbH","url":"https:\/\/caurus-technologies.com\/","logo":{"@type":"ImageObject","inLanguage":"en-US","@id":"https:\/\/caurus-technologies.com\/#\/schema\/logo\/image\/","url":"https:\/\/caurus-technologies.com\/wp-content\/uploads\/2023\/04\/favicon.png","contentUrl":"https:\/\/caurus-technologies.com\/wp-content\/uploads\/2023\/04\/favicon.png","width":512,"height":512,"caption":"CAURUS Technologies GmbH"},"image":{"@id":"https:\/\/caurus-technologies.com\/#\/schema\/logo\/image\/"}}]}},"_links":{"self":[{"href":"http:\/\/caurus-technologies.com\/en\/wp-json\/wp\/v2\/pages\/798","targetHints":{"allow":["GET"]}}],"collection":[{"href":"http:\/\/caurus-technologies.com\/en\/wp-json\/wp\/v2\/pages"}],"about":[{"href":"http:\/\/caurus-technologies.com\/en\/wp-json\/wp\/v2\/types\/page"}],"author":[{"embeddable":true,"href":"http:\/\/caurus-technologies.com\/en\/wp-json\/wp\/v2\/users\/1"}],"replies":[{"embeddable":true,"href":"http:\/\/caurus-technologies.com\/en\/wp-json\/wp\/v2\/comments?post=798"}],"version-history":[{"count":3,"href":"http:\/\/caurus-technologies.com\/en\/wp-json\/wp\/v2\/pages\/798\/revisions"}],"predecessor-version":[{"id":1929,"href":"http:\/\/caurus-technologies.com\/en\/wp-json\/wp\/v2\/pages\/798\/revisions\/1929"}],"wp:featuredmedia":[{"embeddable":true,"href":"http:\/\/caurus-technologies.com\/en\/wp-json\/wp\/v2\/media\/400"}],"wp:attachment":[{"href":"http:\/\/caurus-technologies.com\/en\/wp-json\/wp\/v2\/media?parent=798"}],"curies":[{"name":"wp","href":"https:\/\/api.w.org\/{rel}","templated":true}]}}